{"id":3254,"date":"2023-09-04T14:37:02","date_gmt":"2023-09-04T12:37:02","guid":{"rendered":"https:\/\/wellington-fields.de\/?page_id=3254"},"modified":"2025-11-21T17:00:42","modified_gmt":"2025-11-21T16:00:42","slug":"storytelling-2","status":"publish","type":"page","link":"https:\/\/wellington-fields.de\/?page_id=3254","title":{"rendered":"Storytelling"},"content":{"rendered":"\n[et_pb_section fb_built=&#8220;1&#8243; admin_label=&#8220;Header&#8220; _builder_version=&#8220;4.21.0&#8243; _module_preset=&#8220;default&#8220; background_color=&#8220;gcid-2f3f3e09-0a26-4ea7-8906-5e1128945e3f&#8220; custom_margin_tablet=&#8220;&#8220; custom_margin_phone=&#8220;&#8220; custom_margin_last_edited=&#8220;on|phone&#8220; custom_padding=&#8220;0px||15px||false|false&#8220; locked=&#8220;off&#8220; collapsed=&#8220;on&#8220; global_colors_info=&#8220;{%22gcid-2f3f3e09-0a26-4ea7-8906-5e1128945e3f%22:%91%22background_color%22%93}&#8220;][et_pb_row _builder_version=&#8220;4.20.0&#8243; _module_preset=&#8220;default&#8220; global_colors_info=&#8220;{}&#8220;][et_pb_column type=&#8220;4_4&#8243; _builder_version=&#8220;4.20.0&#8243; _module_preset=&#8220;default&#8220; global_colors_info=&#8220;{}&#8220;][et_pb_image src=&#8220;https:\/\/wellington-fields.de\/wp-content\/uploads\/2023\/03\/Logo_WF_2023-englisch.png&#8220; alt=&#8220;Wellington Fields Logo&#8220; title_text=&#8220;Logo_WF_2023 englisch&#8220; _builder_version=&#8220;4.21.0&#8243; _module_preset=&#8220;default&#8220; global_colors_info=&#8220;{}&#8220;][\/et_pb_image][et_pb_image src=&#8220;https:\/\/wellington-fields.de\/wp-content\/uploads\/2023\/08\/attorney-2.png&#8220; title_text=&#8220;attorney-2&#8243; _builder_version=&#8220;4.20.0&#8243; _module_preset=&#8220;default&#8220; max_width=&#8220;130px&#8220; module_alignment=&#8220;center&#8220; global_colors_info=&#8220;{}&#8220;][\/et_pb_image][et_pb_text _builder_version=&#8220;4.22.1&#8243; _module_preset=&#8220;1393d951-fa32-4b72-9293-f7279fde233c&#8220; text_orientation=&#8220;center&#8220; custom_margin=&#8220;||25px||false|false&#8220; global_colors_info=&#8220;{}&#8220;]<h1>Storytelling<\/h1>[\/et_pb_text][\/et_pb_column][\/et_pb_row][\/et_pb_section][et_pb_section fb_built=&#8220;1&#8243; admin_label=&#8220;Blog&#8220; _builder_version=&#8220;4.20.0&#8243; _module_preset=&#8220;default&#8220; background_color=&#8220;gcid-9fa4a1b6-767d-41ca-984c-a6f10449c843&#8243; custom_margin=&#8220;-47px||-22px|||&#8220; collapsed=&#8220;on&#8220; global_colors_info=&#8220;{%22gcid-9fa4a1b6-767d-41ca-984c-a6f10449c843%22:%91%22background_color%22%93}&#8220;][et_pb_row column_structure=&#8220;3_4,1_4&#8243; _builder_version=&#8220;4.20.0&#8243; _module_preset=&#8220;default&#8220; global_colors_info=&#8220;{}&#8220;][et_pb_column type=&#8220;3_4&#8243; _builder_version=&#8220;4.20.0&#8243; _module_preset=&#8220;default&#8220; global_colors_info=&#8220;{}&#8220;][et_pb_text _builder_version=&#8220;4.21.0&#8243; _module_preset=&#8220;1393d951-fa32-4b72-9293-f7279fde233c&#8220; header_text_color=&#8220;#1FE0BA&#8220; header_font_size=&#8220;44px&#8220; text_orientation=&#8220;center&#8220; global_colors_info=&#8220;{}&#8220;]<h1>Das Ding mit dem Ei<\/h1>[\/et_pb_text][et_pb_text _builder_version=&#8220;4.21.0&#8243; _module_preset=&#8220;default&#8220; text_text_color=&#8220;#FFFFFF&#8220; text_font_size=&#8220;17px&#8220; width=&#8220;81%&#8220; module_alignment=&#8220;right&#8220; custom_margin=&#8220;|-67px||||&#8220; custom_padding=&#8220;|0px|0px|||&#8220; global_colors_info=&#8220;{}&#8220;]<p><span style=\"color: #d6d6d6;\"><\/span><\/p>\n<p>Unglaublich, wie viele Debatten und \u00dcberlegungen mittlerweile mit einem schlichten Kauf von Eiern verbunden sein k\u00f6nnen. Wo sich gerade Eier wirklich sehr, sehr \u00e4hnlich sehen. Doch die Umst\u00e4nde ums Ei sind entscheidend.\u00a0Die Hennen-ID hat n\u00e4mlich mit uns zu tun. Mit unserer \u00dcberzeugung, unserer Ideologie und unserem Grad an sichtbarem Tierschutz.<\/p>\n<p>L\u00e4ngst ist der Hersteller, seine Haltung in der Gesellschaft, ein Auswahlargument f\u00fcr Konsumenten. Manchmal ist der Hersteller selbst zur Marke geworden. Das sind dann die seltenen F\u00e4lle, in denen Gesch\u00e4fte oder ganze B\u00f6rsenwerte durch die Decke gehen. Vielleicht sogar bis in den Orbit, just because of the story. Ein Produkt hat eine Mission. Ein Hersteller braucht eine Haltung.<\/p>\n<p>Denn digitale Gesichtslosigkeit kann zum akuten Risiko werden.<\/p>\n<p>Das ist unsere Zeit. Alles braucht eine Story.\u00a0\u00a0In Wort und Bild. Aus welchem Stall kommt es. Oder dachten Sie immer noch, das beste Ergebnis setzt sich von alleine durch? Nein, mit der Digitalisierung haben sich sowohl das Angebot als auch die Konsumenten ver\u00e4ndert, die Berichterstattung, die Loyalit\u00e4t der Belegschaft&#8230; und &#8230; und &#8230; und.\u00a0<\/p>\n<p>Deshalb muss sich auch die Unternehmerschaft \u00e4ndern, um wahrgenommen zu werden, ja, um sicher wahrgenommen zu werden. Die echte Geschichte! Pur, klug erz\u00e4hlt, gern weitererz\u00e4hlt. Das ist die gr\u00f6\u00dfte \u00dcberzeugung, die Sie haben. Ihr Asset. Darauf setzen unsere Konzepte der Digitized Identity und der Emotional Firewall auf.\u00a0<\/p>\n<p>So emotional wie die Herkunft der Eier k\u00f6nnen sich in der digitalen Welt viele Themen \u00fcber Nacht hochschaukeln. Wenn der Shitstorm dann da ist, wird es zu sp\u00e4t sein. Gutes Reputationsmanagement wirkt vorausschauend. Darauf setzen unsere Konzepte der Digitized Identity und der Emotional Firewall. Sie positionieren, schaffen EVP, st\u00e4rken Zusammenhalt\u00a0 und bieten Schutz vor unberechenbaren Angriffen im Netz.<\/p>[\/et_pb_text][\/et_pb_column][et_pb_column type=&#8220;1_4&#8243; _builder_version=&#8220;4.20.0&#8243; _module_preset=&#8220;default&#8220; global_colors_info=&#8220;{}&#8220;][et_pb_image src=&#8220;https:\/\/wellington-fields.de\/wp-content\/uploads\/2023\/03\/eierkarton-light-2.png&#8220; title_text=&#8220;eierkarton light&#8220; _builder_version=&#8220;4.21.0&#8243; _module_preset=&#8220;default&#8220; global_colors_info=&#8220;{}&#8220;][\/et_pb_image][\/et_pb_column][\/et_pb_row][\/et_pb_section][et_pb_section fb_built=&#8220;1&#8243; admin_label=&#8220;Blog&#8220; _builder_version=&#8220;4.21.0&#8243; _module_preset=&#8220;default&#8220; background_color=&#8220;gcid-2f3f3e09-0a26-4ea7-8906-5e1128945e3f&#8220; min_height=&#8220;351.9px&#8220; custom_margin_tablet=&#8220;&#8220; custom_margin_phone=&#8220;||-262px||false|false&#8220; custom_margin_last_edited=&#8220;on|phone&#8220; collapsed=&#8220;on&#8220; global_colors_info=&#8220;{%22gcid-2f3f3e09-0a26-4ea7-8906-5e1128945e3f%22:%91%22background_color%22%93}&#8220;][et_pb_row _builder_version=&#8220;4.20.0&#8243; _module_preset=&#8220;default&#8220; width=&#8220;87.2%&#8220; custom_margin=&#8220;|auto|-25px|auto||&#8220; custom_padding=&#8220;0px|||||&#8220; global_colors_info=&#8220;{}&#8220;][et_pb_column type=&#8220;4_4&#8243; _builder_version=&#8220;4.20.0&#8243; _module_preset=&#8220;default&#8220; global_colors_info=&#8220;{}&#8220;][et_pb_image src=&#8220;https:\/\/wellington-fields.de\/wp-content\/uploads\/2021\/11\/Rugby-GEFLATTED.jpg&#8220; title_text=&#8220;Rugby GEFLATTED&#8220; _builder_version=&#8220;4.22.1&#8243; _module_preset=&#8220;default&#8220; custom_margin_tablet=&#8220;&#8220; custom_margin_phone=&#8220;10px||10px||false|false&#8220; custom_margin_last_edited=&#8220;on|phone&#8220; global_colors_info=&#8220;{}&#8220;][\/et_pb_image][\/et_pb_column][\/et_pb_row][\/et_pb_section][et_pb_section fb_built=&#8220;1&#8243; _builder_version=&#8220;4.21.0&#8243; _module_preset=&#8220;default&#8220; custom_margin_tablet=&#8220;&#8220; custom_margin_phone=&#8220;||-4px||false|false&#8220; custom_margin_last_edited=&#8220;on|phone&#8220; global_colors_info=&#8220;{}&#8220;][et_pb_row _builder_version=&#8220;4.20.4&#8243; _module_preset=&#8220;default&#8220; global_colors_info=&#8220;{}&#8220;][et_pb_column type=&#8220;4_4&#8243; _builder_version=&#8220;4.20.4&#8243; _module_preset=&#8220;default&#8220; global_colors_info=&#8220;{}&#8220;][et_pb_gallery gallery_ids=&#8220;456,1872,410,427&#8243; show_title_and_caption=&#8220;off&#8220; show_pagination=&#8220;off&#8220; _builder_version=&#8220;4.20.4&#8243; _module_preset=&#8220;default&#8220; caption_line_height=&#8220;1px&#8220; transform_scale=&#8220;98%|98%&#8220; module_alignment=&#8220;left&#8220; custom_margin=&#8220;4px||-55px|-12px|false|false&#8220; custom_padding=&#8220;3px|0px|0px|0px|false|false&#8220; filter_saturate=&#8220;87%&#8220; filter_brightness=&#8220;96%&#8220; mix_blend_mode=&#8220;color-burn&#8220; animation_style=&#8220;fade&#8220; border_style_all=&#8220;groove&#8220; global_colors_info=&#8220;{}&#8220;][\/et_pb_gallery][\/et_pb_column][\/et_pb_row][et_pb_row column_structure=&#8220;1_5,3_5,1_5&#8243; _builder_version=&#8220;4.21.0&#8243; _module_preset=&#8220;default&#8220; custom_margin_tablet=&#8220;&#8220; custom_margin_phone=&#8220;-144px||-100px||false|false&#8220; custom_margin_last_edited=&#8220;on|phone&#8220; global_colors_info=&#8220;{}&#8220;][et_pb_column type=&#8220;1_5&#8243; _builder_version=&#8220;4.21.0&#8243; _module_preset=&#8220;default&#8220; global_colors_info=&#8220;{}&#8220;][\/et_pb_column][et_pb_column type=&#8220;3_5&#8243; _builder_version=&#8220;4.21.0&#8243; _module_preset=&#8220;default&#8220; global_colors_info=&#8220;{}&#8220;][et_pb_text _builder_version=&#8220;4.21.0&#8243; _module_preset=&#8220;1393d951-fa32-4b72-9293-f7279fde233c&#8220; header_text_color=&#8220;#1FE0BA&#8220; header_font_size=&#8220;44px&#8220; text_orientation=&#8220;center&#8220; custom_margin_tablet=&#8220;&#8220; custom_margin_phone=&#8220;-50px||||false|false&#8220; custom_margin_last_edited=&#8220;on|phone&#8220; global_colors_info=&#8220;{}&#8220;]<h1>Story: Who are You<\/h1>[\/et_pb_text][et_pb_text _builder_version=&#8220;4.22.1&#8243; _module_preset=&#8220;default&#8220; global_colors_info=&#8220;{}&#8220;]<div class=\"et_pb_module et_pb_text et_pb_text_6  et_pb_text_align_left et_pb_bg_layout_light\">\n<div class=\"et_pb_text_inner\">\n<p><span style=\"color: #000000;\">Die ganz gro\u00dfe Doku \u00fcber den Corporate-Core des Unternehmens ist nat\u00fcrlich das Maximum. Aber herausragendes Erz\u00e4hlen geht auch unterhalb des big Biopics: Ob anspruchsvolles Storytelling mit Reenactment, strategische Kurzgeschichten f\u00fcr social media oder ein authentischer Blick hinter die Kulissen. Wie ein Unternehmen bestens erz\u00e4hlt werden kann, analysieren unsere Fernsehprofis sofort. Wo hat Ihr Produkt seinen Platz im Leben? Was macht die Belegschaft aus und wo steht all das auf der Str\u00f6mungskarte des gesellschaftlichen Zeitgeistes?<\/span><\/p>\n<p><span style=\"color: #000000;\">Die Fragen zeigen bereits \u2013 es gibt viel zu bedenken in der digitalen Kommunikation. Klar, Inzwischen haben weltweit alle verstanden, dass das Medium Film in seiner Kraft f\u00fcr alle Sinne unvergleichlich und unerl\u00e4sslich ist. Um durchzudringen, sollten wir gemeinsam \u00fcberlegen, womit. Denn es ist wie beim Rugby: je mehr da drau\u00dfen auf dem Feld unterwegs sind, desto wichtiger ist es, wie gut der Ball, ach nee, \u2026 das Ei ist, das man zum Touch down bringt.<\/span><\/p>\n<\/div>\n<\/div>[\/et_pb_text][\/et_pb_column][et_pb_column type=&#8220;1_5&#8243; _builder_version=&#8220;4.21.0&#8243; _module_preset=&#8220;default&#8220; global_colors_info=&#8220;{}&#8220;][\/et_pb_column][\/et_pb_row][et_pb_row _builder_version=&#8220;4.20.4&#8243; _module_preset=&#8220;default&#8220; custom_margin=&#8220;-39px|auto||auto||&#8220; global_colors_info=&#8220;{}&#8220;][et_pb_column type=&#8220;4_4&#8243; _builder_version=&#8220;4.20.4&#8243; _module_preset=&#8220;default&#8220; global_colors_info=&#8220;{}&#8220;][et_pb_gallery gallery_ids=&#8220;2148,1905,1707,2707&#8243; show_title_and_caption=&#8220;off&#8220; show_pagination=&#8220;off&#8220; _builder_version=&#8220;4.21.0&#8243; _module_preset=&#8220;default&#8220; caption_line_height=&#8220;1px&#8220; transform_scale=&#8220;98%|98%&#8220; module_alignment=&#8220;left&#8220; custom_margin=&#8220;4px||-55px|-12px|false|false&#8220; custom_margin_tablet=&#8220;4px||-55px|-12px|false|false&#8220; custom_margin_phone=&#8220;-53px||-49px|-12px|false|false&#8220; custom_margin_last_edited=&#8220;on|phone&#8220; custom_padding=&#8220;6px|0px|0px|0px|false|false&#8220; filter_saturate=&#8220;87%&#8220; filter_brightness=&#8220;96%&#8220; mix_blend_mode=&#8220;color-burn&#8220; animation_style=&#8220;fade&#8220; border_style_all=&#8220;groove&#8220; global_colors_info=&#8220;{}&#8220;][\/et_pb_gallery][\/et_pb_column][\/et_pb_row][\/et_pb_section][et_pb_section fb_built=&#8220;1&#8243; admin_label=&#8220;Contact Info&#8220; _builder_version=&#8220;4.20.0&#8243; _module_preset=&#8220;default&#8220; background_color=&#8220;gcid-9fa4a1b6-767d-41ca-984c-a6f10449c843&#8243; locked=&#8220;off&#8220; collapsed=&#8220;on&#8220; global_colors_info=&#8220;{%22gcid-9fa4a1b6-767d-41ca-984c-a6f10449c843%22:%91%22background_color%22%93}&#8220;][et_pb_row _builder_version=&#8220;4.20.0&#8243; _module_preset=&#8220;default&#8220; custom_padding=&#8220;10px|10px|10px|10px|true|true&#8220; border_width_all=&#8220;2px&#8220; border_color_all=&#8220;rgba(202,182,161,0.3)&#8220; global_colors_info=&#8220;{}&#8220;][et_pb_column type=&#8220;4_4&#8243; _builder_version=&#8220;4.20.0&#8243; _module_preset=&#8220;default&#8220; use_background_color_gradient=&#8220;on&#8220; background_color_gradient_stops=&#8220;rgba(202,182,161,0.7) 0%|rgba(202,182,161,0.7) 100%&#8220; background_color_gradient_overlays_image=&#8220;on&#8220; background_image=&#8220;https:\/\/wellington-fields.de\/wp-content\/uploads\/2023\/08\/paper-texture.jpg&#8220; custom_padding=&#8220;60px|60px|60px|60px|true|true&#8220; custom_padding_tablet=&#8220;30px|40px|30px|40px|true|true&#8220; custom_padding_phone=&#8220;20px|30px|20px|30px|true|true&#8220; custom_padding_last_edited=&#8220;on|tablet&#8220; global_colors_info=&#8220;{}&#8220;][et_pb_text _builder_version=&#8220;4.20.0&#8243; _module_preset=&#8220;1393d951-fa32-4b72-9293-f7279fde233c&#8220; text_orientation=&#8220;center&#8220; global_colors_info=&#8220;{}&#8220;]<h1>Freunde und Partner\u00a0<\/h1>[\/et_pb_text][\/et_pb_column][\/et_pb_row][et_pb_row column_structure=&#8220;1_3,1_3,1_3&#8243; _builder_version=&#8220;4.21.0&#8243; _module_preset=&#8220;default&#8220; custom_padding=&#8220;47px|||||&#8220; global_colors_info=&#8220;{}&#8220;][et_pb_column type=&#8220;1_3&#8243; _builder_version=&#8220;4.21.0&#8243; _module_preset=&#8220;default&#8220; global_colors_info=&#8220;{}&#8220;][et_pb_icon font_icon=&#8220;&#xe04a;||divi||400&#8243; icon_color=&#8220;#1FE0BA&#8220; _builder_version=&#8220;4.21.0&#8243; _module_preset=&#8220;default&#8220; global_colors_info=&#8220;{}&#8220;][\/et_pb_icon][\/et_pb_column][et_pb_column type=&#8220;1_3&#8243; _builder_version=&#8220;4.21.0&#8243; _module_preset=&#8220;default&#8220; global_colors_info=&#8220;{}&#8220;][et_pb_button button_url=&#8220;https:\/\/screenart.tv&#8220; url_new_window=&#8220;on&#8220; button_text=&#8220;screen art\u00b0 I studios I productions&#8220; _builder_version=&#8220;4.21.0&#8243; _module_preset=&#8220;default&#8220; custom_button=&#8220;on&#8220; button_text_size=&#8220;16px&#8220; button_text_color=&#8220;#1FE0BA&#8220; global_colors_info=&#8220;{}&#8220;][\/et_pb_button][et_pb_button button_url=&#8220;https:\/\/www.ihk-bildungspreis.de&#8220; url_new_window=&#8220;on&#8220; button_text=&#8220;Bildungspreis des DIHK&#8220; _builder_version=&#8220;4.21.0&#8243; _module_preset=&#8220;default&#8220; custom_button=&#8220;on&#8220; button_text_size=&#8220;16px&#8220; button_text_color=&#8220;#1FE0BA&#8220; global_colors_info=&#8220;{}&#8220;][\/et_pb_button][et_pb_button button_url=&#8220;https:\/\/www.frankfurt-main.ihk.de&#8220; url_new_window=&#8220;on&#8220; button_text=&#8220;IHK Frankfurt am Main&#8220; _builder_version=&#8220;4.21.0&#8243; _module_preset=&#8220;default&#8220; custom_button=&#8220;on&#8220; button_text_size=&#8220;16px&#8220; button_text_color=&#8220;#1FE0BA&#8220; global_colors_info=&#8220;{}&#8220;][\/et_pb_button][et_pb_button button_url=&#8220;https:\/\/ernst-schneider-preis.de&#8220; url_new_window=&#8220;on&#8220; button_text=&#8220;E-S-P  Wirtschaftsfilmpreis&#8220; _builder_version=&#8220;4.21.0&#8243; _module_preset=&#8220;default&#8220; custom_button=&#8220;on&#8220; button_text_size=&#8220;16px&#8220; button_text_color=&#8220;#1FE0BA&#8220; global_colors_info=&#8220;{}&#8220;][\/et_pb_button][et_pb_button button_url=&#8220;http:\/\/www.mbf.de&#8220; url_new_window=&#8220;on&#8220; button_text=&#8220;MBF Filmtechnik GmbH Frankfurt&#8220; _builder_version=&#8220;4.21.0&#8243; _module_preset=&#8220;default&#8220; custom_button=&#8220;on&#8220; button_text_size=&#8220;16px&#8220; button_text_color=&#8220;#1FE0BA&#8220; global_colors_info=&#8220;{}&#8220;][\/et_pb_button][\/et_pb_column][et_pb_column type=&#8220;1_3&#8243; _builder_version=&#8220;4.21.0&#8243; _module_preset=&#8220;default&#8220; global_colors_info=&#8220;{}&#8220;][et_pb_button button_url=&#8220;https:\/\/konferenzrhetorik.de&#8220; url_new_window=&#8220;on&#8220; button_text=&#8220;Karriere mit Konferenzrhetorik&#8220; _builder_version=&#8220;4.21.0&#8243; _module_preset=&#8220;default&#8220; custom_button=&#8220;on&#8220; button_text_size=&#8220;16px&#8220; button_text_color=&#8220;#1FE0BA&#8220; global_colors_info=&#8220;{}&#8220;][\/et_pb_button][et_pb_button button_url=&#8220;https:\/\/www.hessenfilm.de&#8220; url_new_window=&#8220;on&#8220; button_text=&#8220;HessenFilm&#8220; _builder_version=&#8220;4.21.0&#8243; _module_preset=&#8220;default&#8220; custom_button=&#8220;on&#8220; button_text_size=&#8220;16px&#8220; button_text_color=&#8220;#1FE0BA&#8220; global_colors_info=&#8220;{}&#8220;][\/et_pb_button][et_pb_button button_url=&#8220;https:\/\/www.bvfk.tv&#8220; url_new_window=&#8220;on&#8220; button_text=&#8220;Bundesverband Fernsehkamera &#8220; _builder_version=&#8220;4.21.0&#8243; _module_preset=&#8220;default&#8220; custom_button=&#8220;on&#8220; button_text_size=&#8220;16px&#8220; button_text_color=&#8220;#1FE0BA&#8220; global_colors_info=&#8220;{}&#8220;][\/et_pb_button][et_pb_button button_url=&#8220;https:\/\/frankfurt.premiumkino.de&#8220; url_new_window=&#8220;on&#8220; button_text=&#8220;Frankfurt Premiumkino&#8220; _builder_version=&#8220;4.21.0&#8243; _module_preset=&#8220;default&#8220; custom_button=&#8220;on&#8220; button_text_size=&#8220;16px&#8220; button_text_color=&#8220;#1FE0BA&#8220; global_colors_info=&#8220;{}&#8220;][\/et_pb_button][et_pb_button button_url=&#8220;https:\/\/ambient.de&#8220; url_new_window=&#8220;on&#8220; button_text=&#8220;Ambient Recording M\u00fcnchen&#8220; _builder_version=&#8220;4.21.0&#8243; _module_preset=&#8220;default&#8220; custom_button=&#8220;on&#8220; button_text_size=&#8220;16px&#8220; button_text_color=&#8220;#1FE0BA&#8220; global_colors_info=&#8220;{}&#8220;][\/et_pb_button][\/et_pb_column][\/et_pb_row][\/et_pb_section][et_pb_section fb_built=&#8220;1&#8243; admin_label=&#8220;Footer&#8220; _builder_version=&#8220;4.20.0&#8243; _module_preset=&#8220;default&#8220; use_background_color_gradient=&#8220;on&#8220; background_color_gradient_stops=&#8220;#1e232b 0%|rgba(30,35,43,0.9) 100%&#8220; background_color_gradient_overlays_image=&#8220;on&#8220; background_image=&#8220;https:\/\/wellington-fields.de\/wp-content\/uploads\/2023\/08\/paper-texture.jpg&#8220; min_height=&#8220;253.8px&#8220; saved_tabs=&#8220;all&#8220; collapsed=&#8220;on&#8220; global_colors_info=&#8220;{}&#8220;][et_pb_row column_structure=&#8220;1_3,1_3,1_3&#8243; _builder_version=&#8220;4.20.0&#8243; _module_preset=&#8220;default&#8220; custom_padding=&#8220;0px||13px|||&#8220; global_colors_info=&#8220;{}&#8220;][et_pb_column type=&#8220;1_3&#8243; _builder_version=&#8220;4.20.0&#8243; _module_preset=&#8220;default&#8220; global_colors_info=&#8220;{}&#8220;][et_pb_text _builder_version=&#8220;4.21.0&#8243; _module_preset=&#8220;4014fc76-1264-47a2-badd-1239fa635c3b&#8220; text_text_color=&#8220;#FFFFFF&#8220; text_orientation=&#8220;center&#8220; custom_margin=&#8220;||10px||false|false&#8220; locked=&#8220;off&#8220; global_colors_info=&#8220;{}&#8220;]<p>Monday-Friday &#8211; 9:00 am to 5:00 pm<\/p>[\/et_pb_text][\/et_pb_column][et_pb_column type=&#8220;1_3&#8243; _builder_version=&#8220;4.20.0&#8243; _module_preset=&#8220;default&#8220; global_colors_info=&#8220;{}&#8220;][et_pb_image src=&#8220;https:\/\/wellington-fields.de\/wp-content\/uploads\/2023\/08\/wf_white_logo.png&#8220; title_text=&#8220;wf_white_logo&#8220; _builder_version=&#8220;4.21.0&#8243; _module_preset=&#8220;default&#8220; global_colors_info=&#8220;{}&#8220;][\/et_pb_image][\/et_pb_column][et_pb_column type=&#8220;1_3&#8243; _builder_version=&#8220;4.20.0&#8243; _module_preset=&#8220;default&#8220; global_colors_info=&#8220;{}&#8220;][et_pb_text _builder_version=&#8220;4.21.0&#8243; _module_preset=&#8220;da48446e-5c8c-41a9-bd63-e515564c555d&#8220; text_text_color=&#8220;#FFFFFF&#8220; text_line_height=&#8220;1em&#8220; link_text_color=&#8220;#FFFFFF&#8220; text_orientation=&#8220;center&#8220; custom_margin=&#8220;||10px||false|false&#8220; locked=&#8220;off&#8220; global_colors_info=&#8220;{}&#8220;]<p>Wellington Fields GmbH\u00a0<\/p>\n<p>Hanauer Landstra\u00dfe 52<\/p>\n<p>60314 Frankfurt am Main<\/p>[\/et_pb_text][\/et_pb_column][\/et_pb_row][et_pb_row _builder_version=&#8220;4.20.0&#8243; _module_preset=&#8220;default&#8220; custom_padding=&#8220;0px||0px||true|&#8220; global_colors_info=&#8220;{}&#8220;][et_pb_column type=&#8220;4_4&#8243; _builder_version=&#8220;4.20.0&#8243; _module_preset=&#8220;default&#8220; global_colors_info=&#8220;{}&#8220;][et_pb_social_media_follow icon_color=&#8220;#000000&#8243; _builder_version=&#8220;4.22.1&#8243; _module_preset=&#8220;default&#8220; text_orientation=&#8220;center&#8220; custom_margin=&#8220;||||false|false&#8220; border_radii=&#8220;on|100px|100px|100px|100px&#8220; locked=&#8220;off&#8220; global_colors_info=&#8220;{}&#8220; theme_builder_area=&#8220;post_content&#8220;][et_pb_social_media_follow_network social_network=&#8220;instagram&#8220; url=&#8220;https:\/\/www.instagram.com\/wellington_fields\/&#8220; _builder_version=&#8220;4.22.1&#8243; _module_preset=&#8220;default&#8220; background_color=&#8220;#ea2c59&#8243; global_colors_info=&#8220;{}&#8220; theme_builder_area=&#8220;post_content&#8220; follow_button=&#8220;off&#8220; url_new_window=&#8220;on&#8220;]instagram[\/et_pb_social_media_follow_network][et_pb_social_media_follow_network social_network=&#8220;linkedin&#8220; url=&#8220;https:\/\/www.linkedin.com\/company\/wellington-fields&#8220; _builder_version=&#8220;4.22.1&#8243; _module_preset=&#8220;default&#8220; background_color=&#8220;#007bb6&#8243; global_colors_info=&#8220;{}&#8220; theme_builder_area=&#8220;post_content&#8220; follow_button=&#8220;off&#8220; url_new_window=&#8220;on&#8220;]linkedin[\/et_pb_social_media_follow_network][et_pb_social_media_follow_network social_network=&#8220;youtube&#8220; url=&#8220;https:\/\/www.youtube.com\/@wellingtonfieldsgmbh8758&#8243; _builder_version=&#8220;4.22.1&#8243; _module_preset=&#8220;default&#8220; background_color=&#8220;#a82400&#8243; global_colors_info=&#8220;{}&#8220; theme_builder_area=&#8220;post_content&#8220; follow_button=&#8220;off&#8220; url_new_window=&#8220;on&#8220;]youtube[\/et_pb_social_media_follow_network][\/et_pb_social_media_follow][et_pb_divider color=&#8220;gcid-11d3dbbb-f6dc-4fb8-929b-9d6994368d00&#8243; _builder_version=&#8220;4.20.0&#8243; _module_preset=&#8220;default&#8220; custom_margin=&#8220;||0px||false|false&#8220; global_colors_info=&#8220;{%22gcid-11d3dbbb-f6dc-4fb8-929b-9d6994368d00%22:%91%22color%22%93}&#8220;][\/et_pb_divider][et_pb_text _builder_version=&#8220;4.20.0&#8243; _dynamic_attributes=&#8220;content&#8220; _module_preset=&#8220;213e004d-0386-4c81-b4f7-896aaa822c40&#8243; text_text_color=&#8220;#FFFFFF&#8220; text_orientation=&#8220;center&#8220; locked=&#8220;off&#8220; global_colors_info=&#8220;{}&#8220;]@ET-DC@eyJkeW5hbWljIjp0cnVlLCJjb250ZW50IjoiY3VycmVudF9kYXRlIiwic2V0dGluZ3MiOnsiYmVmb3JlIjoiQ29weXJpZ2h0ICZjb3B5OyAiLCJhZnRlciI6IiBEaXZpLiBBbGwgUmlnaHRzIFJlc2VydmVkLiIsImRhdGVfZm9ybWF0IjoiY3VzdG9tIiwiY3VzdG9tX2RhdGVfZm9ybWF0IjoiWSJ9fQ==@[\/et_pb_text][\/et_pb_column][\/et_pb_row][\/et_pb_section]\n","protected":false},"excerpt":{"rendered":"<p>StorytellingDas Ding mit dem Ei Unglaublich, wie viele Debatten und \u00dcberlegungen mittlerweile mit einem schlichten Kauf von Eiern verbunden sein k\u00f6nnen. Wo sich gerade Eier wirklich sehr, sehr \u00e4hnlich sehen. Doch die Umst\u00e4nde ums Ei sind entscheidend.\u00a0Die Hennen-ID hat n\u00e4mlich mit uns zu tun. Mit unserer \u00dcberzeugung, unserer Ideologie und unserem Grad an sichtbarem Tierschutz. [&hellip;]<\/p>\n","protected":false},"author":1,"featured_media":0,"parent":0,"menu_order":0,"comment_status":"closed","ping_status":"closed","template":"","meta":{"_et_pb_use_builder":"on","_et_pb_old_content":"","_et_gb_content_width":"","footnotes":""},"tags":[24,23,21,26,19,20,22,17,25,18],"class_list":["post-3254","page","type-page","status-publish","hentry","tag-audiovisuelle-kommunikation","tag-authentisches-storytelling","tag-employer-value-proposition","tag-filmproduktion-geheimtipp-fuer-strategische-kommunikation","tag-krisenkommunikation","tag-positionierung-fuer-firmen","tag-recruiting-durch-imagefilme","tag-reputationsmanagement","tag-strategische-kommunikation","tag-unternehmen-und-shitstorm"],"_links":{"self":[{"href":"https:\/\/wellington-fields.de\/index.php?rest_route=\/wp\/v2\/pages\/3254","targetHints":{"allow":["GET"]}}],"collection":[{"href":"https:\/\/wellington-fields.de\/index.php?rest_route=\/wp\/v2\/pages"}],"about":[{"href":"https:\/\/wellington-fields.de\/index.php?rest_route=\/wp\/v2\/types\/page"}],"author":[{"embeddable":true,"href":"https:\/\/wellington-fields.de\/index.php?rest_route=\/wp\/v2\/users\/1"}],"replies":[{"embeddable":true,"href":"https:\/\/wellington-fields.de\/index.php?rest_route=%2Fwp%2Fv2%2Fcomments&post=3254"}],"version-history":[{"count":23,"href":"https:\/\/wellington-fields.de\/index.php?rest_route=\/wp\/v2\/pages\/3254\/revisions"}],"predecessor-version":[{"id":4186,"href":"https:\/\/wellington-fields.de\/index.php?rest_route=\/wp\/v2\/pages\/3254\/revisions\/4186"}],"wp:attachment":[{"href":"https:\/\/wellington-fields.de\/index.php?rest_route=%2Fwp%2Fv2%2Fmedia&parent=3254"}],"wp:term":[{"taxonomy":"post_tag","embeddable":true,"href":"https:\/\/wellington-fields.de\/index.php?rest_route=%2Fwp%2Fv2%2Ftags&post=3254"}],"curies":[{"name":"wp","href":"https:\/\/api.w.org\/{rel}","templated":true}]}}