{"id":3212,"date":"2023-09-04T15:11:36","date_gmt":"2023-09-04T13:11:36","guid":{"rendered":"https:\/\/wellington-fields.de\/?page_id=3212"},"modified":"2025-11-21T17:00:23","modified_gmt":"2025-11-21T16:00:23","slug":"studio-2","status":"publish","type":"page","link":"https:\/\/wellington-fields.de\/?page_id=3212","title":{"rendered":"Studio"},"content":{"rendered":"\n[et_pb_section fb_built=&#8220;1&#8243; admin_label=&#8220;Header&#8220; _builder_version=&#8220;4.21.0&#8243; _module_preset=&#8220;default&#8220; use_background_color_gradient=&#8220;on&#8220; background_color_gradient_stops=&#8220;rgba(31,35,44,0.7) 0%|gcid-9fa4a1b6-767d-41ca-984c-a6f10449c843 100%&#8220; background_color_gradient_overlays_image=&#8220;on&#8220; background_image=&#8220;https:\/\/wellington-fields.de\/wp-content\/uploads\/2021\/11\/Kamera-wellington-Fields.jpg&#8220; background_position=&#8220;top_center&#8220; custom_margin_tablet=&#8220;&#8220; custom_margin_phone=&#8220;&#8220; custom_margin_last_edited=&#8220;on|phone&#8220; custom_padding=&#8220;||||false|false&#8220; locked=&#8220;off&#8220; collapsed=&#8220;on&#8220; global_colors_info=&#8220;{%22gcid-9fa4a1b6-767d-41ca-984c-a6f10449c843%22:%91%22background_color_gradient_stops%22%93}&#8220;][et_pb_row _builder_version=&#8220;4.20.0&#8243; _module_preset=&#8220;default&#8220; global_colors_info=&#8220;{}&#8220;][et_pb_column type=&#8220;4_4&#8243; _builder_version=&#8220;4.20.0&#8243; _module_preset=&#8220;default&#8220; global_colors_info=&#8220;{}&#8220;][et_pb_text _builder_version=&#8220;4.20.0&#8243; _module_preset=&#8220;aa3e9f97-2e02-473d-93d9-2ed74193eb90&#8243; header_4_text_color=&#8220;#E0DAD2&#8243; text_orientation=&#8220;center&#8220; custom_margin=&#8220;||10px||false|false&#8220; global_colors_info=&#8220;{}&#8220;]<h4>Services<\/h4>[\/et_pb_text][et_pb_image src=&#8220;https:\/\/wellington-fields.de\/wp-content\/uploads\/2023\/08\/attorney-1.png&#8220; title_text=&#8220;attorney-1&#8243; _builder_version=&#8220;4.20.0&#8243; _module_preset=&#8220;default&#8220; max_width=&#8220;130px&#8220; module_alignment=&#8220;center&#8220; global_colors_info=&#8220;{}&#8220;][\/et_pb_image][et_pb_text _builder_version=&#8220;4.20.0&#8243; _module_preset=&#8220;cf018c4a-e44d-4970-ad3a-80b1fba9d13d&#8220; header_text_color=&#8220;gcid-11d3dbbb-f6dc-4fb8-929b-9d6994368d00&#8243; text_orientation=&#8220;center&#8220; global_colors_info=&#8220;{%22gcid-11d3dbbb-f6dc-4fb8-929b-9d6994368d00%22:%91%22header_text_color%22%93}&#8220;]<h1>Our Studio<\/h1>[\/et_pb_text][\/et_pb_column][\/et_pb_row][\/et_pb_section][et_pb_section fb_built=&#8220;1&#8243; admin_label=&#8220;Services&#8220; _builder_version=&#8220;4.20.0&#8243; _module_preset=&#8220;default&#8220; background_color=&#8220;gcid-9fa4a1b6-767d-41ca-984c-a6f10449c843&#8243; collapsed=&#8220;on&#8220; global_colors_info=&#8220;{%22gcid-9fa4a1b6-767d-41ca-984c-a6f10449c843%22:%91%22background_color%22%93}&#8220;][et_pb_row column_structure=&#8220;1_2,1_2&#8243; make_equal=&#8220;on&#8220; _builder_version=&#8220;4.20.0&#8243; _module_preset=&#8220;default&#8220; locked=&#8220;off&#8220; global_colors_info=&#8220;{}&#8220;][et_pb_column type=&#8220;1_2&#8243; _builder_version=&#8220;4.20.0&#8243; _module_preset=&#8220;default&#8220; use_background_color_gradient=&#8220;on&#8220; background_color_gradient_stops=&#8220;rgba(73,81,100,0.9) 0%|rgba(73,81,100,0.9) 100%&#8220; background_color_gradient_overlays_image=&#8220;on&#8220; background_image=&#8220;https:\/\/wellington-fields.de\/wp-content\/uploads\/2023\/08\/paper-texture.jpg&#8220; custom_padding=&#8220;60px|30px|60px|30px|true|true&#8220; custom_padding_tablet=&#8220;40px||40px||true|false&#8220; custom_padding_phone=&#8220;30px|20px|30px|20px|true|true&#8220; custom_padding_last_edited=&#8220;on|desktop&#8220; global_colors_info=&#8220;{}&#8220;][et_pb_image src=&#8220;https:\/\/wellington-fields.de\/wp-content\/uploads\/2023\/08\/attorney-1.png&#8220; title_text=&#8220;attorney-1&#8243; _builder_version=&#8220;4.20.0&#8243; _module_preset=&#8220;default&#8220; max_width=&#8220;130px&#8220; module_alignment=&#8220;center&#8220; global_colors_info=&#8220;{}&#8220;][\/et_pb_image][et_pb_text _builder_version=&#8220;4.21.0&#8243; _module_preset=&#8220;9f7e4620-554e-497a-ac41-5e349b2dfd47&#8243; header_3_text_color=&#8220;#FFFFFF&#8220; text_orientation=&#8220;center&#8220; global_colors_info=&#8220;{}&#8220;]<h3>Filmproduktion<\/h3>[\/et_pb_text][et_pb_text _builder_version=&#8220;4.21.0&#8243; _module_preset=&#8220;eb3622e2-ac50-4e64-8c86-ca63cdab99fb&#8220; text_text_color=&#8220;#FFFFFF&#8220; text_orientation=&#8220;center&#8220; custom_padding=&#8220;0px|||||&#8220; global_colors_info=&#8220;{}&#8220;]<p>Als erfahrene Filmemacherinnen und Filmemacher ist die Sprache der Gegenwart &#8211; das Bewegtbild &#8211; unser Metier. Im Wettbewerb mit Dutzenden Fernsehsendern bestehen die Produktionen unserer Teams von screen art\u00b0 regelm\u00e4\u00dfig erfolgreich den harten Kampf um die Aufmerksamkeit der Zuschauer. Dass viele der Arbeiten national und international ausgezeichnet worden sind, dient uns als Ansporn. Diese Expertise nutzen wir auf allen Ebenen des medialen Auftritts.\u00a0<\/p>[\/et_pb_text][et_pb_button button_url=&#8220;https:\/\/www.screenart.tv\/&#8220; button_text=&#8220;screen art\u00b0&#8220; button_alignment=&#8220;center&#8220; _builder_version=&#8220;4.22.1&#8243; _module_preset=&#8220;4a0e744b-a889-4fa3-9a69-3fb33de0800a&#8220; global_colors_info=&#8220;{}&#8220;][\/et_pb_button][\/et_pb_column][et_pb_column type=&#8220;1_2&#8243; _builder_version=&#8220;4.20.0&#8243; _module_preset=&#8220;default&#8220; use_background_color_gradient=&#8220;on&#8220; background_color_gradient_stops=&#8220;rgba(202,182,161,0.9) 0%|rgba(202,182,161,0.9) 100%&#8220; background_color_gradient_overlays_image=&#8220;on&#8220; background_image=&#8220;https:\/\/wellington-fields.de\/wp-content\/uploads\/2023\/08\/paper-texture.jpg&#8220; custom_padding=&#8220;60px|30px|60px|30px|true|true&#8220; custom_padding_tablet=&#8220;40px||40px||true|false&#8220; custom_padding_phone=&#8220;30px|20px|30px|20px|true|true&#8220; custom_padding_last_edited=&#8220;on|desktop&#8220; global_colors_info=&#8220;{}&#8220;][et_pb_image src=&#8220;https:\/\/wellington-fields.de\/wp-content\/uploads\/2023\/08\/attorney-2.png&#8220; title_text=&#8220;attorney-2&#8243; _builder_version=&#8220;4.20.0&#8243; _module_preset=&#8220;default&#8220; max_width=&#8220;130px&#8220; module_alignment=&#8220;center&#8220; global_colors_info=&#8220;{}&#8220;][\/et_pb_image][et_pb_text _builder_version=&#8220;4.21.0&#8243; _module_preset=&#8220;9f7e4620-554e-497a-ac41-5e349b2dfd47&#8243; text_orientation=&#8220;center&#8220; global_colors_info=&#8220;{}&#8220;]<h3>Studioaufzeichnungen<\/h3>[\/et_pb_text][et_pb_text _builder_version=&#8220;4.21.0&#8243; _module_preset=&#8220;eb3622e2-ac50-4e64-8c86-ca63cdab99fb&#8220; text_text_color=&#8220;#000000&#8243; text_orientation=&#8220;center&#8220; global_colors_info=&#8220;{}&#8220;]<p>In Zusammenarbeit mit unserer Schwesterfirma screen art\u00b0 productions gmbh k\u00f6nnen wir auf die r\u00e4umlichen, technischen und personellen Kapazit\u00e4ten eines renommierten Produktionsbetriebes zur\u00fcckgreifen.\u00a0<\/p>\n<p>So lassen sich die individuellen Konzepte in allen M\u00f6glichkeiten von Live-Schaltungen \u00fcber Aufzeichnungsproduktionen bis hin zu komplexen Produktpr\u00e4sentationen mit Einspielfilmen entwickeln und umsetzen. Aus einer Hand. Kurze Wege, starke Identifikation mit de Kunden und: zum Besten der Ergebnisse.<\/p>[\/et_pb_text][et_pb_button button_url=&#8220;@ET-DC@eyJkeW5hbWljIjp0cnVlLCJjb250ZW50IjoicG9zdF9saW5rX3VybF9wYWdlIiwic2V0dGluZ3MiOnsicG9zdF9pZCI6IjMyMjIifX0=@&#8220; button_text=&#8220;Studio Details&#8220; button_alignment=&#8220;center&#8220; _builder_version=&#8220;4.21.0&#8243; _dynamic_attributes=&#8220;button_url&#8220; _module_preset=&#8220;3519b7cd-a0db-4747-bc6b-e194aa0e5690&#8243; locked=&#8220;off&#8220; global_colors_info=&#8220;{}&#8220;][\/et_pb_button][\/et_pb_column][\/et_pb_row][et_pb_row column_structure=&#8220;1_2,1_2&#8243; make_equal=&#8220;on&#8220; _builder_version=&#8220;4.20.0&#8243; _module_preset=&#8220;default&#8220; locked=&#8220;off&#8220; global_colors_info=&#8220;{}&#8220;][et_pb_column type=&#8220;1_2&#8243; _builder_version=&#8220;4.20.0&#8243; _module_preset=&#8220;default&#8220; use_background_color_gradient=&#8220;on&#8220; background_color_gradient_stops=&#8220;rgba(153,148,132,0.9) 0%|rgba(153,148,132,0.9) 100%&#8220; background_color_gradient_overlays_image=&#8220;on&#8220; background_image=&#8220;https:\/\/wellington-fields.de\/wp-content\/uploads\/2023\/08\/paper-texture.jpg&#8220; custom_padding=&#8220;60px|30px|60px|30px|true|true&#8220; custom_padding_tablet=&#8220;40px||40px||true|false&#8220; custom_padding_phone=&#8220;30px|20px|30px|20px|true|true&#8220; custom_padding_last_edited=&#8220;on|desktop&#8220; global_colors_info=&#8220;{}&#8220;][et_pb_image src=&#8220;https:\/\/wellington-fields.de\/wp-content\/uploads\/2023\/08\/attorney-3.png&#8220; title_text=&#8220;attorney-3&#8243; _builder_version=&#8220;4.20.0&#8243; _module_preset=&#8220;default&#8220; max_width=&#8220;130px&#8220; module_alignment=&#8220;center&#8220; global_colors_info=&#8220;{}&#8220;][\/et_pb_image][et_pb_text _builder_version=&#8220;4.21.0&#8243; _module_preset=&#8220;9f7e4620-554e-497a-ac41-5e349b2dfd47&#8243; header_3_text_color=&#8220;#FFFFFF&#8220; text_orientation=&#8220;center&#8220; global_colors_info=&#8220;{}&#8220;]<h3>Medientraining<\/h3>[\/et_pb_text][et_pb_text _builder_version=&#8220;4.21.0&#8243; _module_preset=&#8220;eb3622e2-ac50-4e64-8c86-ca63cdab99fb&#8220; text_text_color=&#8220;#FFFFFF&#8220; text_orientation=&#8220;center&#8220; global_colors_info=&#8220;{}&#8220;]<p>Es gibt keine zweite Chance f\u00fcr den ersten Eindruck. Doch durch eine Verhandlungst\u00fcrtreten ist das eine. Wer als CEO oder Vorstand vor die mediale \u00d6ffentlichkeit tritt, sollte sich sicher f\u00fchlen. Deshalb geh\u00f6rt es zur Realuit\u00e4t von Leadership, den Auftritt und den Umgang mit Medien regelm\u00e4\u00dfig zu trainieren.\u00a0<\/p>\n<p>Die Kraft der Worte kann viel bewegen. Besser, man bestimmt die Richtung selbst. Wir kennen die Mechanismen der Medien, wir wissen, wo die kritische Nachfrage lauert und wie Sie mediale Pr\u00e4senz erh\u00f6hen k\u00f6nnen.\u00a0<\/p>\n<p>Unsere Medientrainings beruhen auf den Prinzipien der Authentizit\u00e4t. Wir lassen nicht auswendig lernen, wir lehnen verbale Versatzst\u00fccke ab. Wir erarbeiten Ihre klare Haltung und Ihren souver\u00e4nen Auftritt. Das macht Sie souver\u00e4n, selbst in der Krise.\u00a0<\/p>[\/et_pb_text][et_pb_button button_url=&#8220;@ET-DC@eyJkeW5hbWljIjp0cnVlLCJjb250ZW50IjoicG9zdF9saW5rX3VybF9wYWdlIiwic2V0dGluZ3MiOnsicG9zdF9pZCI6IjMzOTYifX0=@&#8220; button_text=&#8220;Learn More&#8220; button_alignment=&#8220;center&#8220; _builder_version=&#8220;4.22.1&#8243; _dynamic_attributes=&#8220;button_url&#8220; _module_preset=&#8220;4a0e744b-a889-4fa3-9a69-3fb33de0800a&#8220; locked=&#8220;off&#8220; global_colors_info=&#8220;{}&#8220;][\/et_pb_button][\/et_pb_column][et_pb_column type=&#8220;1_2&#8243; _builder_version=&#8220;4.20.0&#8243; _module_preset=&#8220;default&#8220; use_background_color_gradient=&#8220;on&#8220; background_color_gradient_stops=&#8220;rgba(205,205,205,0.9) 0%|rgba(205,205,205,0.9) 100%&#8220; background_color_gradient_overlays_image=&#8220;on&#8220; background_image=&#8220;https:\/\/wellington-fields.de\/wp-content\/uploads\/2023\/08\/paper-texture.jpg&#8220; custom_padding=&#8220;60px|30px|60px|30px|true|true&#8220; custom_padding_tablet=&#8220;40px||40px||true|false&#8220; custom_padding_phone=&#8220;30px|20px|30px|20px|true|true&#8220; custom_padding_last_edited=&#8220;on|desktop&#8220; global_colors_info=&#8220;{}&#8220;][et_pb_image src=&#8220;https:\/\/wellington-fields.de\/wp-content\/uploads\/2023\/08\/attorney-2.png&#8220; title_text=&#8220;attorney-2&#8243; _builder_version=&#8220;4.20.0&#8243; _module_preset=&#8220;default&#8220; max_width=&#8220;130px&#8220; module_alignment=&#8220;center&#8220; global_colors_info=&#8220;{}&#8220;][\/et_pb_image][et_pb_text _builder_version=&#8220;4.21.0&#8243; _module_preset=&#8220;9f7e4620-554e-497a-ac41-5e349b2dfd47&#8243; text_orientation=&#8220;center&#8220; global_colors_info=&#8220;{}&#8220;]<h3>Pr\u00e4sentationserstellung<\/h3>[\/et_pb_text][et_pb_text _builder_version=&#8220;4.21.0&#8243; _module_preset=&#8220;eb3622e2-ac50-4e64-8c86-ca63cdab99fb&#8220; text_text_color=&#8220;#000000&#8243; text_orientation=&#8220;center&#8220; global_colors_info=&#8220;{}&#8220;]<p class=\"has-custom-lineheight\">Pitchen Sie aus unserem Studio in Frankfurts City professionell vor Businesspartnern in Tokio, New York oder Grasellenbach im Odenwald. Setzen Sie in Live-Schalten oder Aufzeichnungen entscheidende visuelle Akzente f\u00fcr Ihre Wahrnehmung, f\u00fcr die authentische Gesch\u00e4ftsatmosph\u00e4re und f\u00fcr gute Ergebnisse.<\/p>\n<p class=\"has-custom-lineheight\">\n<div class=\"wp-block-kadence-rowlayout alignnone\">\n<div id=\"kt-layout-id_472af0-74\" class=\"kt-row-layout-inner kt-layout-id_472af0-74\">\n<div class=\"kt-row-column-wrap kt-has-2-columns kt-gutter-default kt-v-gutter-default kt-row-valign-top kt-row-layout-left-golden kt-tab-layout-inherit kt-m-colapse-left-to-right kt-mobile-layout-row\">\n<div class=\"wp-block-kadence-column inner-column-1 kadence-column_b15f1f-01\">\n<div class=\"kt-inside-inner-col\">\n<p class=\"has-custom-lineheight\">Gerne begleiten wir Ihr Projekt technisch, organisatorisch und auf Wunsch gerne auch konzeptionell. Denn: Wer wei\u00df \u2013 wie Bildschirmwahrnehmung funktioniert und was, wie bei den Zuschauern und Gespr\u00e4chsteilnehmer ankommt, der kann das enorme Potenzial der modernen Digital-Kommunikation in der Gesch\u00e4ftswelt nutzen. International oder vor der Haust\u00fcr.<\/p>\n<\/div>\n<\/div>\n<\/div>\n<\/div>\n<\/div>[\/et_pb_text][\/et_pb_column][\/et_pb_row][\/et_pb_section][et_pb_section fb_built=&#8220;1&#8243; admin_label=&#8220;Contact Form&#8220; _builder_version=&#8220;4.20.0&#8243; _module_preset=&#8220;default&#8220; background_color=&#8220;gcid-2f3f3e09-0a26-4ea7-8906-5e1128945e3f&#8220; collapsed=&#8220;on&#8220; global_colors_info=&#8220;{%22gcid-2f3f3e09-0a26-4ea7-8906-5e1128945e3f%22:%91%22background_color%22%93}&#8220;][et_pb_row _builder_version=&#8220;4.20.0&#8243; _module_preset=&#8220;default&#8220; global_colors_info=&#8220;{}&#8220;][et_pb_column type=&#8220;4_4&#8243; _builder_version=&#8220;4.20.0&#8243; _module_preset=&#8220;default&#8220; global_colors_info=&#8220;{}&#8220;][et_pb_text _builder_version=&#8220;4.20.0&#8243; _module_preset=&#8220;ceffb3bf-60d3-4e57-af4a-be5ee92e0b39&#8243; text_orientation=&#8220;center&#8220; global_colors_info=&#8220;{}&#8220;]<h2>More Information and Booking<\/h2>[\/et_pb_text][et_pb_contact_form email=&#8220;niehues@screenart.tv&#8220; custom_message=&#8220;Name: %%Name%%||et_pb_line_break_holder||||et_pb_line_break_holder||Email: %%Email%%||et_pb_line_break_holder||||et_pb_line_break_holder||Message: %%Message%%||et_pb_line_break_holder||&#8220; success_message=&#8220;Vielen Dank f\u00fcr Ihre Nachricht. Wir werden uns so schnell wie m\u00f6glich bei Ihnen melden.&#8220; _builder_version=&#8220;4.22.1&#8243; _module_preset=&#8220;73830039-e9f7-43a7-8232-fbb9f6666fb4&#8243; locked=&#8220;off&#8220; global_colors_info=&#8220;{}&#8220;][et_pb_contact_field field_id=&#8220;Name&#8220; field_title=&#8220;Name&#8220; fullwidth_field=&#8220;on&#8220; _builder_version=&#8220;4.22.1&#8243; _module_preset=&#8220;default&#8220; global_colors_info=&#8220;{}&#8220; button_text_size__hover_enabled=&#8220;off&#8220; button_one_text_size__hover_enabled=&#8220;off&#8220; button_two_text_size__hover_enabled=&#8220;off&#8220; button_text_color__hover_enabled=&#8220;off&#8220; button_one_text_color__hover_enabled=&#8220;off&#8220; button_two_text_color__hover_enabled=&#8220;off&#8220; button_border_width__hover_enabled=&#8220;off&#8220; button_one_border_width__hover_enabled=&#8220;off&#8220; button_two_border_width__hover_enabled=&#8220;off&#8220; button_border_color__hover_enabled=&#8220;off&#8220; button_one_border_color__hover_enabled=&#8220;off&#8220; button_two_border_color__hover_enabled=&#8220;off&#8220; button_border_radius__hover_enabled=&#8220;off&#8220; button_one_border_radius__hover_enabled=&#8220;off&#8220; button_two_border_radius__hover_enabled=&#8220;off&#8220; button_letter_spacing__hover_enabled=&#8220;off&#8220; button_one_letter_spacing__hover_enabled=&#8220;off&#8220; button_two_letter_spacing__hover_enabled=&#8220;off&#8220; button_bg_color__hover_enabled=&#8220;off&#8220; button_one_bg_color__hover_enabled=&#8220;off&#8220; button_two_bg_color__hover_enabled=&#8220;off&#8220;][\/et_pb_contact_field][et_pb_contact_field field_id=&#8220;Email&#8220; field_title=&#8220;Email Address&#8220; field_type=&#8220;email&#8220; fullwidth_field=&#8220;on&#8220; _builder_version=&#8220;4.22.1&#8243; _module_preset=&#8220;default&#8220; global_colors_info=&#8220;{}&#8220; button_text_size__hover_enabled=&#8220;off&#8220; button_one_text_size__hover_enabled=&#8220;off&#8220; button_two_text_size__hover_enabled=&#8220;off&#8220; button_text_color__hover_enabled=&#8220;off&#8220; button_one_text_color__hover_enabled=&#8220;off&#8220; button_two_text_color__hover_enabled=&#8220;off&#8220; button_border_width__hover_enabled=&#8220;off&#8220; button_one_border_width__hover_enabled=&#8220;off&#8220; button_two_border_width__hover_enabled=&#8220;off&#8220; button_border_color__hover_enabled=&#8220;off&#8220; button_one_border_color__hover_enabled=&#8220;off&#8220; button_two_border_color__hover_enabled=&#8220;off&#8220; button_border_radius__hover_enabled=&#8220;off&#8220; button_one_border_radius__hover_enabled=&#8220;off&#8220; button_two_border_radius__hover_enabled=&#8220;off&#8220; button_letter_spacing__hover_enabled=&#8220;off&#8220; button_one_letter_spacing__hover_enabled=&#8220;off&#8220; button_two_letter_spacing__hover_enabled=&#8220;off&#8220; button_bg_color__hover_enabled=&#8220;off&#8220; button_one_bg_color__hover_enabled=&#8220;off&#8220; button_two_bg_color__hover_enabled=&#8220;off&#8220;][\/et_pb_contact_field][et_pb_contact_field field_id=&#8220;Message&#8220; field_title=&#8220;Message&#8220; field_type=&#8220;text&#8220; fullwidth_field=&#8220;on&#8220; _builder_version=&#8220;4.22.1&#8243; _module_preset=&#8220;default&#8220; global_colors_info=&#8220;{}&#8220; button_text_size__hover_enabled=&#8220;off&#8220; button_one_text_size__hover_enabled=&#8220;off&#8220; button_two_text_size__hover_enabled=&#8220;off&#8220; button_text_color__hover_enabled=&#8220;off&#8220; button_one_text_color__hover_enabled=&#8220;off&#8220; button_two_text_color__hover_enabled=&#8220;off&#8220; button_border_width__hover_enabled=&#8220;off&#8220; button_one_border_width__hover_enabled=&#8220;off&#8220; button_two_border_width__hover_enabled=&#8220;off&#8220; button_border_color__hover_enabled=&#8220;off&#8220; button_one_border_color__hover_enabled=&#8220;off&#8220; button_two_border_color__hover_enabled=&#8220;off&#8220; button_border_radius__hover_enabled=&#8220;off&#8220; button_one_border_radius__hover_enabled=&#8220;off&#8220; button_two_border_radius__hover_enabled=&#8220;off&#8220; button_letter_spacing__hover_enabled=&#8220;off&#8220; button_one_letter_spacing__hover_enabled=&#8220;off&#8220; button_two_letter_spacing__hover_enabled=&#8220;off&#8220; button_bg_color__hover_enabled=&#8220;off&#8220; button_one_bg_color__hover_enabled=&#8220;off&#8220; button_two_bg_color__hover_enabled=&#8220;off&#8220;][\/et_pb_contact_field][\/et_pb_contact_form][\/et_pb_column][\/et_pb_row][\/et_pb_section][et_pb_section fb_built=&#8220;1&#8243; admin_label=&#8220;Footer&#8220; _builder_version=&#8220;4.20.0&#8243; _module_preset=&#8220;default&#8220; use_background_color_gradient=&#8220;on&#8220; background_color_gradient_stops=&#8220;#1e232b 0%|rgba(30,35,43,0.9) 100%&#8220; background_color_gradient_overlays_image=&#8220;on&#8220; background_image=&#8220;https:\/\/wellington-fields.de\/wp-content\/uploads\/2023\/08\/paper-texture.jpg&#8220; saved_tabs=&#8220;all&#8220; collapsed=&#8220;on&#8220; global_colors_info=&#8220;{}&#8220;][et_pb_row _builder_version=&#8220;4.20.0&#8243; _module_preset=&#8220;default&#8220; custom_padding=&#8220;0px||0px||true|&#8220; global_colors_info=&#8220;{}&#8220;][et_pb_column type=&#8220;4_4&#8243; _builder_version=&#8220;4.20.0&#8243; _module_preset=&#8220;default&#8220; global_colors_info=&#8220;{}&#8220;][et_pb_social_media_follow icon_color=&#8220;#000000&#8243; _builder_version=&#8220;4.22.1&#8243; _module_preset=&#8220;default&#8220; text_orientation=&#8220;center&#8220; custom_margin=&#8220;||||false|false&#8220; border_radii=&#8220;on|100px|100px|100px|100px&#8220; locked=&#8220;off&#8220; global_colors_info=&#8220;{}&#8220; theme_builder_area=&#8220;post_content&#8220;][et_pb_social_media_follow_network social_network=&#8220;instagram&#8220; url=&#8220;https:\/\/www.instagram.com\/wellington_fields\/&#8220; _builder_version=&#8220;4.22.1&#8243; _module_preset=&#8220;default&#8220; background_color=&#8220;#ea2c59&#8243; global_colors_info=&#8220;{}&#8220; theme_builder_area=&#8220;post_content&#8220; follow_button=&#8220;off&#8220; url_new_window=&#8220;on&#8220;]instagram[\/et_pb_social_media_follow_network][et_pb_social_media_follow_network social_network=&#8220;linkedin&#8220; url=&#8220;https:\/\/www.linkedin.com\/company\/wellington-fields&#8220; _builder_version=&#8220;4.22.1&#8243; _module_preset=&#8220;default&#8220; background_color=&#8220;#007bb6&#8243; global_colors_info=&#8220;{}&#8220; theme_builder_area=&#8220;post_content&#8220; follow_button=&#8220;off&#8220; url_new_window=&#8220;on&#8220;]linkedin[\/et_pb_social_media_follow_network][et_pb_social_media_follow_network social_network=&#8220;youtube&#8220; url=&#8220;https:\/\/www.youtube.com\/@wellingtonfieldsgmbh8758&#8243; _builder_version=&#8220;4.22.1&#8243; _module_preset=&#8220;default&#8220; background_color=&#8220;#a82400&#8243; global_colors_info=&#8220;{}&#8220; theme_builder_area=&#8220;post_content&#8220; follow_button=&#8220;off&#8220; url_new_window=&#8220;on&#8220;]youtube[\/et_pb_social_media_follow_network][\/et_pb_social_media_follow][et_pb_divider color=&#8220;gcid-11d3dbbb-f6dc-4fb8-929b-9d6994368d00&#8243; _builder_version=&#8220;4.20.0&#8243; _module_preset=&#8220;default&#8220; custom_margin=&#8220;||0px||false|false&#8220; global_colors_info=&#8220;{%22gcid-11d3dbbb-f6dc-4fb8-929b-9d6994368d00%22:%91%22color%22%93}&#8220;][\/et_pb_divider][et_pb_text _builder_version=&#8220;4.20.0&#8243; _dynamic_attributes=&#8220;content&#8220; _module_preset=&#8220;f2c74710-3dc2-4b6c-bebf-740955e3e70f&#8220; text_text_color=&#8220;#FFFFFF&#8220; text_orientation=&#8220;center&#8220; locked=&#8220;off&#8220; global_colors_info=&#8220;{}&#8220;]@ET-DC@eyJkeW5hbWljIjp0cnVlLCJjb250ZW50IjoiY3VycmVudF9kYXRlIiwic2V0dGluZ3MiOnsiYmVmb3JlIjoiQ29weXJpZ2h0ICZjb3B5OyAiLCJhZnRlciI6IiBEaXZpLiBBbGwgUmlnaHRzIFJlc2VydmVkLiIsImRhdGVfZm9ybWF0IjoiY3VzdG9tIiwiY3VzdG9tX2RhdGVfZm9ybWF0IjoiWSJ9fQ==@[\/et_pb_text][\/et_pb_column][\/et_pb_row][et_pb_row column_structure=&#8220;1_3,1_3,1_3&#8243; _builder_version=&#8220;4.20.0&#8243; _module_preset=&#8220;default&#8220; custom_padding=&#8220;0px||13px|||&#8220; global_colors_info=&#8220;{}&#8220;][et_pb_column type=&#8220;1_3&#8243; _builder_version=&#8220;4.20.0&#8243; _module_preset=&#8220;default&#8220; global_colors_info=&#8220;{}&#8220;][et_pb_text _builder_version=&#8220;4.21.0&#8243; _module_preset=&#8220;4014fc76-1264-47a2-badd-1239fa635c3b&#8220; text_text_color=&#8220;#FFFFFF&#8220; text_orientation=&#8220;center&#8220; custom_margin=&#8220;||10px||false|false&#8220; locked=&#8220;off&#8220; global_colors_info=&#8220;{}&#8220;]<p>Monday-Friday &#8211; 9:00 am to 5:00 pm<\/p>[\/et_pb_text][\/et_pb_column][et_pb_column type=&#8220;1_3&#8243; _builder_version=&#8220;4.20.0&#8243; _module_preset=&#8220;default&#8220; global_colors_info=&#8220;{}&#8220;][et_pb_image src=&#8220;https:\/\/wellington-fields.de\/wp-content\/uploads\/2023\/08\/wf_white_logo.png&#8220; title_text=&#8220;wf_white_logo&#8220; _builder_version=&#8220;4.21.0&#8243; _module_preset=&#8220;default&#8220; global_colors_info=&#8220;{}&#8220;][\/et_pb_image][\/et_pb_column][et_pb_column type=&#8220;1_3&#8243; _builder_version=&#8220;4.20.0&#8243; _module_preset=&#8220;default&#8220; global_colors_info=&#8220;{}&#8220;][et_pb_text _builder_version=&#8220;4.21.0&#8243; _module_preset=&#8220;da48446e-5c8c-41a9-bd63-e515564c555d&#8220; text_text_color=&#8220;#FFFFFF&#8220; text_line_height=&#8220;1em&#8220; link_text_color=&#8220;#FFFFFF&#8220; text_orientation=&#8220;center&#8220; custom_margin=&#8220;||10px||false|false&#8220; locked=&#8220;off&#8220; global_colors_info=&#8220;{}&#8220;]<p>Wellington Fields GmbH\u00a0<\/p>\n<p>Hanauer Landstra\u00dfe 52<\/p>\n<p>60314 Frankfurt am Main<\/p>[\/et_pb_text][\/et_pb_column][\/et_pb_row][\/et_pb_section]\n","protected":false},"excerpt":{"rendered":"<p>ServicesOur StudioFilmproduktionAls erfahrene Filmemacherinnen und Filmemacher ist die Sprache der Gegenwart &#8211; das Bewegtbild &#8211; unser Metier. Im Wettbewerb mit Dutzenden Fernsehsendern bestehen die Produktionen unserer Teams von screen art\u00b0 regelm\u00e4\u00dfig erfolgreich den harten Kampf um die Aufmerksamkeit der Zuschauer. Dass viele der Arbeiten national und international ausgezeichnet worden sind, dient uns als Ansporn. Diese [&hellip;]<\/p>\n","protected":false},"author":1,"featured_media":0,"parent":0,"menu_order":0,"comment_status":"closed","ping_status":"closed","template":"","meta":{"_et_pb_use_builder":"on","_et_pb_old_content":"","_et_gb_content_width":"","footnotes":""},"tags":[24,23,21,26,19,20,22,17,25,18],"class_list":["post-3212","page","type-page","status-publish","hentry","tag-audiovisuelle-kommunikation","tag-authentisches-storytelling","tag-employer-value-proposition","tag-filmproduktion-geheimtipp-fuer-strategische-kommunikation","tag-krisenkommunikation","tag-positionierung-fuer-firmen","tag-recruiting-durch-imagefilme","tag-reputationsmanagement","tag-strategische-kommunikation","tag-unternehmen-und-shitstorm"],"_links":{"self":[{"href":"https:\/\/wellington-fields.de\/index.php?rest_route=\/wp\/v2\/pages\/3212","targetHints":{"allow":["GET"]}}],"collection":[{"href":"https:\/\/wellington-fields.de\/index.php?rest_route=\/wp\/v2\/pages"}],"about":[{"href":"https:\/\/wellington-fields.de\/index.php?rest_route=\/wp\/v2\/types\/page"}],"author":[{"embeddable":true,"href":"https:\/\/wellington-fields.de\/index.php?rest_route=\/wp\/v2\/users\/1"}],"replies":[{"embeddable":true,"href":"https:\/\/wellington-fields.de\/index.php?rest_route=%2Fwp%2Fv2%2Fcomments&post=3212"}],"version-history":[{"count":21,"href":"https:\/\/wellington-fields.de\/index.php?rest_route=\/wp\/v2\/pages\/3212\/revisions"}],"predecessor-version":[{"id":4185,"href":"https:\/\/wellington-fields.de\/index.php?rest_route=\/wp\/v2\/pages\/3212\/revisions\/4185"}],"wp:attachment":[{"href":"https:\/\/wellington-fields.de\/index.php?rest_route=%2Fwp%2Fv2%2Fmedia&parent=3212"}],"wp:term":[{"taxonomy":"post_tag","embeddable":true,"href":"https:\/\/wellington-fields.de\/index.php?rest_route=%2Fwp%2Fv2%2Ftags&post=3212"}],"curies":[{"name":"wp","href":"https:\/\/api.w.org\/{rel}","templated":true}]}}